{"id":29677,"date":"2026-03-03T10:31:34","date_gmt":"2026-03-03T09:31:34","guid":{"rendered":"https:\/\/urbenavocats.ch\/avoqa\/?page_id=29677"},"modified":"2026-03-03T10:31:55","modified_gmt":"2026-03-03T09:31:55","slug":"le-droit-des-assurances-sociales","status":"publish","type":"page","link":"https:\/\/urbenavocats.ch\/avoqa\/le-droit-des-assurances-sociales\/","title":{"rendered":"Le Droit des assurances sociales"},"content":{"rendered":"<p>[et_pb_section fb_built=\u00a0\u00bb1&Prime; custom_padding_last_edited=\u00a0\u00bbon|tablet\u00a0\u00bb _builder_version=\u00a0\u00bb4.27.4&Prime; _module_preset=\u00a0\u00bbdefault\u00a0\u00bb background_color=\u00a0\u00bb#5e5e5e\u00a0\u00bb background_image=\u00a0\u00bbhttps:\/\/urbenavocats.ch\/avoqa\/wp-content\/uploads\/2025\/04\/xavier-von-erlach-ixPeR1YfgOA-unsplash.min_.jpeg\u00a0\u00bb background_position=\u00a0\u00bbtop_center\u00a0\u00bb background_blend=\u00a0\u00bbmultiply\u00a0\u00bb custom_padding=\u00a0\u00bb120px||60px||false|false\u00a0\u00bb custom_padding_tablet=\u00a0\u00bb150px||50px||false|false\u00a0\u00bb custom_padding_phone=\u00a0\u00bb100px||||false|false\u00a0\u00bb background_last_edited=\u00a0\u00bbon|phone\u00a0\u00bb background_image_tablet=\u00a0\u00bbhttps:\/\/urbenavocats.ch\/avoqa\/wp-content\/uploads\/2025\/04\/xavier-von-erlach-ixPeR1YfgOA-unsplash.min_.jpeg\u00a0\u00bb background_image_phone=\u00a0\u00bbhttps:\/\/urbenavocats.ch\/avoqa\/wp-content\/uploads\/2025\/04\/xavier-von-erlach-ixPeR1YfgOA-unsplash.min_.jpeg\u00a0\u00bb background_enable_image_tablet=\u00a0\u00bbon\u00a0\u00bb background_enable_image_phone=\u00a0\u00bbon\u00a0\u00bb parallax_phone=\u00a0\u00bboff\u00a0\u00bb background_size_tablet=\u00a0\u00bbcover\u00a0\u00bb background_size_phone=\u00a0\u00bbcover\u00a0\u00bb background_position_tablet=\u00a0\u00bbtop_center\u00a0\u00bb background_position_phone=\u00a0\u00bbtop_center\u00a0\u00bb locked=\u00a0\u00bboff\u00a0\u00bb global_colors_info=\u00a0\u00bb{}\u00a0\u00bb][et_pb_row use_custom_gutter=\u00a0\u00bbon\u00a0\u00bb gutter_width=\u00a0\u00bb2&Prime; _builder_version=\u00a0\u00bb4.16&Prime; _module_preset=\u00a0\u00bbdefault\u00a0\u00bb global_colors_info=\u00a0\u00bb{}\u00a0\u00bb][et_pb_column type=\u00a0\u00bb4_4&Prime; _builder_version=\u00a0\u00bb4.16&Prime; _module_preset=\u00a0\u00bb7e660c57-154f-4279-8107-aa40cce3c68d\u00a0\u00bb global_colors_info=\u00a0\u00bb{}\u00a0\u00bb][et_pb_text _builder_version=\u00a0\u00bb4.27.6&Prime; _dynamic_attributes=\u00a0\u00bbcontent\u00a0\u00bb _module_preset=\u00a0\u00bbdefault\u00a0\u00bb text_font=\u00a0\u00bbQuestrial||||||||\u00a0\u00bb text_text_color=\u00a0\u00bb#FFF8F7&Prime; text_font_size=\u00a0\u00bb64px\u00a0\u00bb text_letter_spacing=\u00a0\u00bb0.5px\u00a0\u00bb text_line_height=\u00a0\u00bb1.6em\u00a0\u00bb text_orientation=\u00a0\u00bbcenter\u00a0\u00bb custom_margin=\u00a0\u00bb||0px||false|false\u00a0\u00bb text_font_size_tablet=\u00a0\u00bb18px\u00a0\u00bb text_font_size_phone=\u00a0\u00bb14px\u00a0\u00bb text_font_size_last_edited=\u00a0\u00bboff|desktop\u00a0\u00bb global_colors_info=\u00a0\u00bb{}\u00a0\u00bb]@ET-DC@eyJkeW5hbWljIjp0cnVlLCJjb250ZW50IjoicG9zdF90aXRsZSIsInNldHRpbmdzIjp7ImJlZm9yZSI6IiIsImFmdGVyIjoiIn19@[\/et_pb_text][\/et_pb_column][\/et_pb_row][\/et_pb_section][et_pb_section fb_built=\u00a0\u00bb1&Prime; _builder_version=\u00a0\u00bb4.27.4&Prime; background_color=\u00a0\u00bb#efece6&Prime; global_colors_info=\u00a0\u00bb{}\u00a0\u00bb][et_pb_row _builder_version=\u00a0\u00bb4.27.4&Prime; background_size=\u00a0\u00bbinitial\u00a0\u00bb background_position=\u00a0\u00bbtop_left\u00a0\u00bb background_repeat=\u00a0\u00bbrepeat\u00a0\u00bb custom_margin=\u00a0\u00bb||||false|false\u00a0\u00bb custom_padding=\u00a0\u00bb0px||0px||false|false\u00a0\u00bb global_colors_info=\u00a0\u00bb{}\u00a0\u00bb][et_pb_column type=\u00a0\u00bb4_4&Prime; _builder_version=\u00a0\u00bb4.16&Prime; custom_padding=\u00a0\u00bb|||\u00a0\u00bb global_colors_info=\u00a0\u00bb{}\u00a0\u00bb custom_padding__hover=\u00a0\u00bb|||\u00a0\u00bb][et_pb_text _builder_version=\u00a0\u00bb4.27.6&Prime; _module_preset=\u00a0\u00bbdefault\u00a0\u00bb text_font=\u00a0\u00bb&#8211;et_global_body_font||||||||\u00a0\u00bb text_font_size=\u00a0\u00bb16px\u00a0\u00bb text_letter_spacing=\u00a0\u00bb0.5px\u00a0\u00bb hover_enabled=\u00a0\u00bb0&Prime; global_colors_info=\u00a0\u00bb{}\u00a0\u00bb sticky_enabled=\u00a0\u00bb0&Prime;]<\/p>\n<p>Droit des assurances sociales : vos droits face aux d\u00e9cisions des assureurs<\/p>\n<p>Le syst\u00e8me suisse des assurances sociales (AVS, AI, LPP, LAA, assurance-ch\u00f4mage, etc.) vise \u00e0 prot\u00e9ger les individus contre les cons\u00e9quences financi\u00e8res de certains risques comme la maladie, l\u2019accident, la vieillesse ou le ch\u00f4mage. Ce domaine est r\u00e9gi par des lois complexes, et les d\u00e9cisions rendues par les assureurs peuvent \u00eatre contest\u00e9es.<\/p>\n<p><b>La proc\u00e9dure : de la d\u00e9cision \u00e0 l\u2019opposition<\/b><\/p>\n<p>Lorsque vous demandez une prestation (par exemple, une rente AI ou des indemnit\u00e9s journali\u00e8res de l\u2019assurance-accidents), l\u2019assureur rend <b>une d\u00e9cision<\/b>. Si vous n\u2019\u00eates pas d\u2019accord avec cette d\u00e9cision, la premi\u00e8re \u00e9tape est de former <b>opposition<\/b>.<\/p>\n<p>&#8211; <b>D\u00e9lai : <\/b>L\u2019opposition doit \u00eatre d\u00e9pos\u00e9e par \u00e9crit dans un d\u00e9lai strict de 30 jours d\u00e8s la r\u00e9ception de la d\u00e9cision.<\/p>\n<p>&#8211; <b>Contenu <\/b>: L\u2019acte d\u2019opposition doit expliquer pourquoi vous contestez la d\u00e9cision et, id\u00e9alement, \u00eatre accompagn\u00e9 de pi\u00e8ces justificatives (rapports m\u00e9dicaux, etc.).<\/p>\n<p>Suite \u00e0 votre opposition, l\u2019assureur va r\u00e9examiner son cas et rendre une nouvelle d\u00e9cision, appel\u00e9e <b>d\u00e9cision sur opposition<\/b>. C\u2019est seulement cet acte qui peut faire l\u2019objet d\u2019un recours en justice.<\/p>\n<p><b>Le recours au Tribunal cantonal des assurances<\/b><\/p>\n<p>Si la d\u00e9cision sur opposition vous est toujours d\u00e9favorable, vous pouvez la contester devant le Tribunal cantonal des assurances (art. 57 LPGA ). L\u00e0 encore, un d\u00e9lai de recours de 30 jours doit \u00eatre imp\u00e9rativement respect\u00e9. La proc\u00e9dure devient alors judiciaire et l\u2019assistance d\u2019un avocat est fortement recommand\u00e9e.<\/p>\n<p><b>Pourquoi un conseil juridique est-il d\u00e9terminant ?<\/b><\/p>\n<p>Le droit des assurances sociales est technique et souvent li\u00e9 \u00e0 des questions m\u00e9dicales complexes. Un avocat peut :<\/p>\n<p>&#8211; <b>Analyser la d\u00e9cision <\/b>de l\u2019assureur et \u00e9valuer la pertinence des arguments juridiques et m\u00e9dicaux.<\/p>\n<p>&#8211; <b>R\u00e9diger une opposition <\/b>ou un recours de mani\u00e8re structur\u00e9e et convaincante.<\/p>\n<p>&#8211; <b>Mandater un m\u00e9decin-conseil <\/b>si n\u00e9cessaire pour obtenir un avis m\u00e9dical ind\u00e9pendant.<\/p>\n<p>&#8211; <b>Vous repr\u00e9senter <\/b>et d\u00e9fendre vos int\u00e9r\u00eats tout au long de la proc\u00e9dure.<\/p>\n<p>Le service Avoqa de Urben <i>Avocat\u00b7e\u00b7s<\/i> vous permet d\u2019obtenir rapidement une premi\u00e8re \u00e9valuation de votre situation et des chances de succ\u00e8s de vos d\u00e9marches.<\/p>\n<p>[\/et_pb_text][\/et_pb_column][\/et_pb_row][\/et_pb_section]<\/p>\n","protected":false},"excerpt":{"rendered":"<p>Droit des assurances sociales : vos droits face aux d\u00e9cisions des assureurs Le syst\u00e8me suisse des assurances sociales (AVS, AI, LPP, LAA, assurance-ch\u00f4mage, etc.) vise \u00e0 prot\u00e9ger les individus contre les cons\u00e9quences financi\u00e8res de certains risques comme la maladie, l\u2019accident, la vieillesse ou le ch\u00f4mage. Ce domaine est r\u00e9gi par des lois complexes, et les [&hellip;]<\/p>\n","protected":false},"author":2,"featured_media":0,"parent":0,"menu_order":0,"comment_status":"closed","ping_status":"closed","template":"","meta":{"_et_pb_use_builder":"on","_et_pb_old_content":"<!-- wp:paragraph -->\r\n<p><b>This is a sample page.<\/b><\/p>\r\n<!-- \/wp:paragraph --><!-- wp:heading -->\r\n<h2 class=\"wp-block-heading\">Overview<\/h2>\r\n<!-- \/wp:heading --><!-- wp:paragraph -->\r\n<p>Our refund and returns policy lasts 30 days. If 30 days have passed since your purchase, we can\u2019t offer you a full refund or exchange.<\/p>\r\n<!-- \/wp:paragraph --><!-- wp:paragraph -->\r\n<p>To be eligible for a return, your item must be unused and in the same condition that you received it. It must also be in the original packaging.<\/p>\r\n<!-- \/wp:paragraph --><!-- wp:paragraph -->\r\n<p>Several types of goods are exempt from being returned. Perishable goods such as food, flowers, newspapers or magazines cannot be returned. We also do not accept products that are intimate or sanitary goods, hazardous materials, or flammable liquids or gases.<\/p>\r\n<!-- \/wp:paragraph --><!-- wp:paragraph -->\r\n<p>Additional non-returnable items:<\/p>\r\n<!-- \/wp:paragraph --><!-- wp:list -->\r\n<ul>\r\n<li>Gift cards<\/li>\r\n<li>Downloadable software products<\/li>\r\n<li>Some health and personal care items<\/li>\r\n<\/ul>\r\n<!-- \/wp:list --><!-- wp:paragraph -->\r\n<p>To complete your return, we require a receipt or proof of purchase.<\/p>\r\n<!-- \/wp:paragraph --><!-- wp:paragraph -->\r\n<p>Please do not send your purchase back to the manufacturer.<\/p>\r\n<!-- \/wp:paragraph --><!-- wp:paragraph -->\r\n<p>There are certain situations where only partial refunds are granted:<\/p>\r\n<!-- \/wp:paragraph --><!-- wp:list -->\r\n<ul>\r\n<li>Book with obvious signs of use<\/li>\r\n<li>CD, DVD, VHS tape, software, video game, cassette tape, or vinyl record that has been opened.<\/li>\r\n<li>Any item not in its original condition, is damaged or missing parts for reasons not due to our error.<\/li>\r\n<li>Any item that is returned more than 30 days after delivery<\/li>\r\n<\/ul>\r\n<!-- \/wp:list --><!-- wp:heading -->\r\n<h2 class=\"wp-block-heading\">Refunds<\/h2>\r\n<!-- \/wp:heading --><!-- wp:paragraph -->\r\n<p>Once your return is received and inspected, we will send you an email to notify you that we have received your returned item. We will also notify you of the approval or rejection of your refund.<\/p>\r\n<!-- \/wp:paragraph --><!-- wp:paragraph -->\r\n<p>If you are approved, then your refund will be processed, and a credit will automatically be applied to your credit card or original method of payment, within a certain amount of days.<\/p>\r\n<!-- \/wp:paragraph --><!-- wp:heading {\"level\":3} -->\r\n<h3 class=\"wp-block-heading\">Late or missing refunds<\/h3>\r\n<!-- \/wp:heading --><!-- wp:paragraph -->\r\n<p>If you haven\u2019t received a refund yet, first check your bank account again.<\/p>\r\n<!-- \/wp:paragraph --><!-- wp:paragraph -->\r\n<p>Then contact your credit card company, it may take some time before your refund is officially posted.<\/p>\r\n<!-- \/wp:paragraph --><!-- wp:paragraph -->\r\n<p>Next contact your bank. There is often some processing time before a refund is posted.<\/p>\r\n<!-- \/wp:paragraph --><!-- wp:paragraph -->\r\n<p>If you\u2019ve done all of this and you still have not received your refund yet, please contact us at {email address}.<\/p>\r\n<!-- \/wp:paragraph --><!-- wp:heading {\"level\":3} -->\r\n<h3 class=\"wp-block-heading\">Sale items<\/h3>\r\n<!-- \/wp:heading --><!-- wp:paragraph -->\r\n<p>Only regular priced items may be refunded. Sale items cannot be refunded.<\/p>\r\n<!-- \/wp:paragraph --><!-- wp:heading -->\r\n<h2 class=\"wp-block-heading\">Exchanges<\/h2>\r\n<!-- \/wp:heading --><!-- wp:paragraph -->\r\n<p>We only replace items if they are defective or damaged. If you need to exchange it for the same item, send us an email at {email address} and send your item to: {physical address}.<\/p>\r\n<!-- \/wp:paragraph --><!-- wp:heading -->\r\n<h2 class=\"wp-block-heading\">Gifts<\/h2>\r\n<!-- \/wp:heading --><!-- wp:paragraph -->\r\n<p>If the item was marked as a gift when purchased and shipped directly to you, you\u2019ll receive a gift credit for the value of your return. Once the returned item is received, a gift certificate will be mailed to you.<\/p>\r\n<!-- \/wp:paragraph --><!-- wp:paragraph -->\r\n<p>If the item wasn\u2019t marked as a gift when purchased, or the gift giver had the order shipped to themselves to give to you later, we will send a refund to the gift giver and they will find out about your return.<\/p>\r\n<!-- \/wp:paragraph --><!-- wp:heading -->\r\n<h2 class=\"wp-block-heading\">Shipping returns<\/h2>\r\n<!-- \/wp:heading --><!-- wp:paragraph -->\r\n<p>To return your product, you should mail your product to: {physical address}.<\/p>\r\n<!-- \/wp:paragraph --><!-- wp:paragraph -->\r\n<p>You will be responsible for paying for your own shipping costs for returning your item. Shipping costs are non-refundable. If you receive a refund, the cost of return shipping will be deducted from your refund.<\/p>\r\n<!-- \/wp:paragraph --><!-- wp:paragraph -->\r\n<p>Depending on where you live, the time it may take for your exchanged product to reach you may vary.<\/p>\r\n<!-- \/wp:paragraph --><!-- wp:paragraph -->\r\n<p>If you are returning more expensive items, you may consider using a trackable shipping service or purchasing shipping insurance. We don\u2019t guarantee that we will receive your returned item.<\/p>\r\n<!-- \/wp:paragraph --><!-- wp:heading -->\r\n<h2 class=\"wp-block-heading\">Need help?<\/h2>\r\n<!-- \/wp:heading --><!-- wp:paragraph -->\r\n<p>Contact us at {email} for questions related to refunds and returns.<\/p>\r\n<!-- \/wp:paragraph -->","_et_gb_content_width":"","footnotes":""},"dipi_cpt_category":[],"class_list":["post-29677","page","type-page","status-publish","hentry"],"yoast_head":"<!-- This site is optimized with the Yoast SEO plugin v27.4 - https:\/\/yoast.com\/product\/yoast-seo-wordpress\/ -->\n<title>Le Droit des assurances sociales - avoqa<\/title>\n<meta name=\"robots\" content=\"index, follow, max-snippet:-1, max-image-preview:large, max-video-preview:-1\" \/>\n<link rel=\"canonical\" href=\"https:\/\/urbenavocats.ch\/avoqa\/le-droit-des-assurances-sociales\/\" \/>\n<meta property=\"og:locale\" content=\"fr_FR\" \/>\n<meta property=\"og:type\" content=\"article\" \/>\n<meta property=\"og:title\" content=\"Le Droit des assurances sociales - avoqa\" \/>\n<meta property=\"og:description\" content=\"Droit des assurances sociales : vos droits face aux d\u00e9cisions des assureurs Le syst\u00e8me suisse des assurances sociales (AVS, AI, LPP, LAA, assurance-ch\u00f4mage, etc.) vise \u00e0 prot\u00e9ger les individus contre les cons\u00e9quences financi\u00e8res de certains risques comme la maladie, l\u2019accident, la vieillesse ou le ch\u00f4mage. Ce domaine est r\u00e9gi par des lois complexes, et les [&hellip;]\" \/>\n<meta property=\"og:url\" content=\"https:\/\/urbenavocats.ch\/avoqa\/le-droit-des-assurances-sociales\/\" \/>\n<meta property=\"og:site_name\" content=\"avoqa\" \/>\n<meta property=\"article:modified_time\" content=\"2026-03-03T09:31:55+00:00\" \/>\n<meta name=\"twitter:card\" content=\"summary_large_image\" \/>\n<meta name=\"twitter:label1\" content=\"Dur\u00e9e de lecture estim\u00e9e\" \/>\n\t<meta name=\"twitter:data1\" content=\"7 minutes\" \/>\n<script type=\"application\/ld+json\" class=\"yoast-schema-graph\">{\"@context\":\"https:\\\/\\\/schema.org\",\"@graph\":[{\"@type\":\"WebPage\",\"@id\":\"https:\\\/\\\/urbenavocats.ch\\\/avoqa\\\/le-droit-des-assurances-sociales\\\/\",\"url\":\"https:\\\/\\\/urbenavocats.ch\\\/avoqa\\\/le-droit-des-assurances-sociales\\\/\",\"name\":\"Le Droit des assurances sociales - avoqa\",\"isPartOf\":{\"@id\":\"https:\\\/\\\/urbenavocats.ch\\\/avoqa\\\/#website\"},\"datePublished\":\"2026-03-03T09:31:34+00:00\",\"dateModified\":\"2026-03-03T09:31:55+00:00\",\"breadcrumb\":{\"@id\":\"https:\\\/\\\/urbenavocats.ch\\\/avoqa\\\/le-droit-des-assurances-sociales\\\/#breadcrumb\"},\"inLanguage\":\"fr-FR\",\"potentialAction\":[{\"@type\":\"ReadAction\",\"target\":[\"https:\\\/\\\/urbenavocats.ch\\\/avoqa\\\/le-droit-des-assurances-sociales\\\/\"]}]},{\"@type\":\"BreadcrumbList\",\"@id\":\"https:\\\/\\\/urbenavocats.ch\\\/avoqa\\\/le-droit-des-assurances-sociales\\\/#breadcrumb\",\"itemListElement\":[{\"@type\":\"ListItem\",\"position\":1,\"name\":\"Accueil\",\"item\":\"https:\\\/\\\/urbenavocats.ch\\\/avoqa\\\/\"},{\"@type\":\"ListItem\",\"position\":2,\"name\":\"Le Droit des assurances sociales\"}]},{\"@type\":\"WebSite\",\"@id\":\"https:\\\/\\\/urbenavocats.ch\\\/avoqa\\\/#website\",\"url\":\"https:\\\/\\\/urbenavocats.ch\\\/avoqa\\\/\",\"name\":\"avoqa\",\"description\":\"\",\"potentialAction\":[{\"@type\":\"SearchAction\",\"target\":{\"@type\":\"EntryPoint\",\"urlTemplate\":\"https:\\\/\\\/urbenavocats.ch\\\/avoqa\\\/?s={search_term_string}\"},\"query-input\":{\"@type\":\"PropertyValueSpecification\",\"valueRequired\":true,\"valueName\":\"search_term_string\"}}],\"inLanguage\":\"fr-FR\"}]}<\/script>\n<!-- \/ Yoast SEO plugin. -->","yoast_head_json":{"title":"Le Droit des assurances sociales - avoqa","robots":{"index":"index","follow":"follow","max-snippet":"max-snippet:-1","max-image-preview":"max-image-preview:large","max-video-preview":"max-video-preview:-1"},"canonical":"https:\/\/urbenavocats.ch\/avoqa\/le-droit-des-assurances-sociales\/","og_locale":"fr_FR","og_type":"article","og_title":"Le Droit des assurances sociales - avoqa","og_description":"Droit des assurances sociales : vos droits face aux d\u00e9cisions des assureurs Le syst\u00e8me suisse des assurances sociales (AVS, AI, LPP, LAA, assurance-ch\u00f4mage, etc.) vise \u00e0 prot\u00e9ger les individus contre les cons\u00e9quences financi\u00e8res de certains risques comme la maladie, l\u2019accident, la vieillesse ou le ch\u00f4mage. Ce domaine est r\u00e9gi par des lois complexes, et les [&hellip;]","og_url":"https:\/\/urbenavocats.ch\/avoqa\/le-droit-des-assurances-sociales\/","og_site_name":"avoqa","article_modified_time":"2026-03-03T09:31:55+00:00","twitter_card":"summary_large_image","twitter_misc":{"Dur\u00e9e de lecture estim\u00e9e":"7 minutes"},"schema":{"@context":"https:\/\/schema.org","@graph":[{"@type":"WebPage","@id":"https:\/\/urbenavocats.ch\/avoqa\/le-droit-des-assurances-sociales\/","url":"https:\/\/urbenavocats.ch\/avoqa\/le-droit-des-assurances-sociales\/","name":"Le Droit des assurances sociales - avoqa","isPartOf":{"@id":"https:\/\/urbenavocats.ch\/avoqa\/#website"},"datePublished":"2026-03-03T09:31:34+00:00","dateModified":"2026-03-03T09:31:55+00:00","breadcrumb":{"@id":"https:\/\/urbenavocats.ch\/avoqa\/le-droit-des-assurances-sociales\/#breadcrumb"},"inLanguage":"fr-FR","potentialAction":[{"@type":"ReadAction","target":["https:\/\/urbenavocats.ch\/avoqa\/le-droit-des-assurances-sociales\/"]}]},{"@type":"BreadcrumbList","@id":"https:\/\/urbenavocats.ch\/avoqa\/le-droit-des-assurances-sociales\/#breadcrumb","itemListElement":[{"@type":"ListItem","position":1,"name":"Accueil","item":"https:\/\/urbenavocats.ch\/avoqa\/"},{"@type":"ListItem","position":2,"name":"Le Droit des assurances sociales"}]},{"@type":"WebSite","@id":"https:\/\/urbenavocats.ch\/avoqa\/#website","url":"https:\/\/urbenavocats.ch\/avoqa\/","name":"avoqa","description":"","potentialAction":[{"@type":"SearchAction","target":{"@type":"EntryPoint","urlTemplate":"https:\/\/urbenavocats.ch\/avoqa\/?s={search_term_string}"},"query-input":{"@type":"PropertyValueSpecification","valueRequired":true,"valueName":"search_term_string"}}],"inLanguage":"fr-FR"}]}},"_links":{"self":[{"href":"https:\/\/urbenavocats.ch\/avoqa\/wp-json\/wp\/v2\/pages\/29677","targetHints":{"allow":["GET"]}}],"collection":[{"href":"https:\/\/urbenavocats.ch\/avoqa\/wp-json\/wp\/v2\/pages"}],"about":[{"href":"https:\/\/urbenavocats.ch\/avoqa\/wp-json\/wp\/v2\/types\/page"}],"author":[{"embeddable":true,"href":"https:\/\/urbenavocats.ch\/avoqa\/wp-json\/wp\/v2\/users\/2"}],"replies":[{"embeddable":true,"href":"https:\/\/urbenavocats.ch\/avoqa\/wp-json\/wp\/v2\/comments?post=29677"}],"version-history":[{"count":2,"href":"https:\/\/urbenavocats.ch\/avoqa\/wp-json\/wp\/v2\/pages\/29677\/revisions"}],"predecessor-version":[{"id":29679,"href":"https:\/\/urbenavocats.ch\/avoqa\/wp-json\/wp\/v2\/pages\/29677\/revisions\/29679"}],"wp:attachment":[{"href":"https:\/\/urbenavocats.ch\/avoqa\/wp-json\/wp\/v2\/media?parent=29677"}],"wp:term":[{"taxonomy":"dipi_cpt_category","embeddable":true,"href":"https:\/\/urbenavocats.ch\/avoqa\/wp-json\/wp\/v2\/dipi_cpt_category?post=29677"}],"curies":[{"name":"wp","href":"https:\/\/api.w.org\/{rel}","templated":true}]}}