{"id":29660,"date":"2026-03-03T10:24:21","date_gmt":"2026-03-03T09:24:21","guid":{"rendered":"https:\/\/urbenavocats.ch\/avoqa\/?page_id=29660"},"modified":"2026-03-03T10:25:49","modified_gmt":"2026-03-03T09:25:49","slug":"le-droit-de-la-propriete-par-etages-ppe","status":"publish","type":"page","link":"https:\/\/urbenavocats.ch\/avoqa\/le-droit-de-la-propriete-par-etages-ppe\/","title":{"rendered":"Le Droit de la Propri\u00e9t\u00e9 par \u00c9tages (PPE)"},"content":{"rendered":"<p>[et_pb_section fb_built=\u00a0\u00bb1&Prime; custom_padding_last_edited=\u00a0\u00bbon|tablet\u00a0\u00bb _builder_version=\u00a0\u00bb4.27.4&Prime; _module_preset=\u00a0\u00bbdefault\u00a0\u00bb background_color=\u00a0\u00bb#5e5e5e\u00a0\u00bb background_image=\u00a0\u00bbhttps:\/\/urbenavocats.ch\/avoqa\/wp-content\/uploads\/2025\/04\/xavier-von-erlach-ixPeR1YfgOA-unsplash.min_.jpeg\u00a0\u00bb background_position=\u00a0\u00bbtop_center\u00a0\u00bb background_blend=\u00a0\u00bbmultiply\u00a0\u00bb custom_padding=\u00a0\u00bb120px||60px||false|false\u00a0\u00bb custom_padding_tablet=\u00a0\u00bb150px||50px||false|false\u00a0\u00bb custom_padding_phone=\u00a0\u00bb100px||||false|false\u00a0\u00bb background_last_edited=\u00a0\u00bbon|phone\u00a0\u00bb background_image_tablet=\u00a0\u00bbhttps:\/\/urbenavocats.ch\/avoqa\/wp-content\/uploads\/2025\/04\/xavier-von-erlach-ixPeR1YfgOA-unsplash.min_.jpeg\u00a0\u00bb background_image_phone=\u00a0\u00bbhttps:\/\/urbenavocats.ch\/avoqa\/wp-content\/uploads\/2025\/04\/xavier-von-erlach-ixPeR1YfgOA-unsplash.min_.jpeg\u00a0\u00bb background_enable_image_tablet=\u00a0\u00bbon\u00a0\u00bb background_enable_image_phone=\u00a0\u00bbon\u00a0\u00bb parallax_phone=\u00a0\u00bboff\u00a0\u00bb background_size_tablet=\u00a0\u00bbcover\u00a0\u00bb background_size_phone=\u00a0\u00bbcover\u00a0\u00bb background_position_tablet=\u00a0\u00bbtop_center\u00a0\u00bb background_position_phone=\u00a0\u00bbtop_center\u00a0\u00bb locked=\u00a0\u00bboff\u00a0\u00bb global_colors_info=\u00a0\u00bb{}\u00a0\u00bb][et_pb_row use_custom_gutter=\u00a0\u00bbon\u00a0\u00bb gutter_width=\u00a0\u00bb2&Prime; _builder_version=\u00a0\u00bb4.16&Prime; _module_preset=\u00a0\u00bbdefault\u00a0\u00bb global_colors_info=\u00a0\u00bb{}\u00a0\u00bb][et_pb_column type=\u00a0\u00bb4_4&Prime; _builder_version=\u00a0\u00bb4.16&Prime; _module_preset=\u00a0\u00bb7e660c57-154f-4279-8107-aa40cce3c68d\u00a0\u00bb global_colors_info=\u00a0\u00bb{}\u00a0\u00bb][et_pb_text _builder_version=\u00a0\u00bb4.27.6&Prime; _dynamic_attributes=\u00a0\u00bbcontent\u00a0\u00bb _module_preset=\u00a0\u00bbdefault\u00a0\u00bb text_font=\u00a0\u00bbQuestrial||||||||\u00a0\u00bb text_text_color=\u00a0\u00bb#FFF8F7&Prime; text_font_size=\u00a0\u00bb64px\u00a0\u00bb text_letter_spacing=\u00a0\u00bb0.5px\u00a0\u00bb text_line_height=\u00a0\u00bb1.6em\u00a0\u00bb text_orientation=\u00a0\u00bbcenter\u00a0\u00bb custom_margin=\u00a0\u00bb||0px||false|false\u00a0\u00bb text_font_size_tablet=\u00a0\u00bb18px\u00a0\u00bb text_font_size_phone=\u00a0\u00bb14px\u00a0\u00bb text_font_size_last_edited=\u00a0\u00bboff|desktop\u00a0\u00bb global_colors_info=\u00a0\u00bb{}\u00a0\u00bb]@ET-DC@eyJkeW5hbWljIjp0cnVlLCJjb250ZW50IjoicG9zdF90aXRsZSIsInNldHRpbmdzIjp7ImJlZm9yZSI6IiIsImFmdGVyIjoiIn19@[\/et_pb_text][\/et_pb_column][\/et_pb_row][\/et_pb_section][et_pb_section fb_built=\u00a0\u00bb1&Prime; _builder_version=\u00a0\u00bb4.27.4&Prime; background_color=\u00a0\u00bb#efece6&Prime; global_colors_info=\u00a0\u00bb{}\u00a0\u00bb][et_pb_row _builder_version=\u00a0\u00bb4.27.4&Prime; background_size=\u00a0\u00bbinitial\u00a0\u00bb background_position=\u00a0\u00bbtop_left\u00a0\u00bb background_repeat=\u00a0\u00bbrepeat\u00a0\u00bb custom_margin=\u00a0\u00bb||||false|false\u00a0\u00bb custom_padding=\u00a0\u00bb0px||0px||false|false\u00a0\u00bb global_colors_info=\u00a0\u00bb{}\u00a0\u00bb][et_pb_column type=\u00a0\u00bb4_4&Prime; _builder_version=\u00a0\u00bb4.16&Prime; custom_padding=\u00a0\u00bb|||\u00a0\u00bb global_colors_info=\u00a0\u00bb{}\u00a0\u00bb custom_padding__hover=\u00a0\u00bb|||\u00a0\u00bb][et_pb_text _builder_version=\u00a0\u00bb4.27.6&Prime; _module_preset=\u00a0\u00bbdefault\u00a0\u00bb text_font=\u00a0\u00bb&#8211;et_global_body_font||||||||\u00a0\u00bb text_font_size=\u00a0\u00bb16px\u00a0\u00bb text_letter_spacing=\u00a0\u00bb0.5px\u00a0\u00bb global_colors_info=\u00a0\u00bb{}\u00a0\u00bb]<\/p>\n<p>Consultation en droit de la PPE : conseils d\u2019avocat ou de juriste pour copropri\u00e9taires et administrateurs<\/p>\n<p>La Propri\u00e9t\u00e9 par \u00c9tages (PPE) est une forme de copropri\u00e9t\u00e9 qui permet \u00e0 chaque propri\u00e9taire de d\u00e9tenir un droit exclusif sur son appartement (partie privative) tout en \u00e9tant copropri\u00e9taire des parties communes de l\u2019immeuble (toit, fa\u00e7ades, escaliers, etc.). Cette double nature est r\u00e9gie par la loi, l\u2019acte constitutif et le r\u00e8glement d\u2019administration et d\u2019utilisation. La vie en PPE peut \u00eatre source de conflits complexes, qu\u2019il s\u2019agisse de la gestion de l\u2019immeuble, de la r\u00e9partition des frais ou de l\u2019usage des locaux. Un conseil juridique est souvent indispensable pour naviguer dans ce cadre r\u00e9glementaire et pr\u00e9server ses droits.<\/p>\n<p><b>Nos domaines d\u2019intervention en droit de la PPE<\/b> Notre service de consultation juridique \u201cAvoqa\u201d vous offre un acc\u00e8s direct \u00e0 un avocat comp\u00e9tent pour analyser votre situation et vous fournir des conseils clairs et pragmatiques. Nous intervenons notamment sur les probl\u00e9matiques suivantes :<\/p>\n<ul>\n<li><b>Assembl\u00e9e g\u00e9n\u00e9rale des copropri\u00e9taires :<\/b>\n<ul>\n<li>Conseil sur la validit\u00e9 de la convocation et de l\u2019ordre du jour.<\/li>\n<li>Examen des possibilit\u00e9s de contester une d\u00e9cision de l\u2019assembl\u00e9e g\u00e9n\u00e9rale dans le d\u00e9lai l\u00e9gal d\u2019un mois.<\/li>\n<li>Conseil en mati\u00e8re de v\u00e9rification des r\u00e8gles de majorit\u00e9 (simple, qualifi\u00e9e, unanimit\u00e9) applicables \u00e0 une d\u00e9cision.<\/li>\n<\/ul>\n<\/li>\n<\/ul>\n<ul>\n<li><b>Droits et obligations des copropri\u00e9taires :<\/b>\n<ul>\n<li>Conseil en mati\u00e8re d\u2019interpr\u00e9tation du r\u00e8glement de la PPE concernant l\u2019usage des parties privatives et communes.<\/li>\n<li>Conseil en cas de litiges de voisinage ou de non-respect du r\u00e8glement par un autre copropri\u00e9taire.<\/li>\n<\/ul>\n<\/li>\n<\/ul>\n<ul>\n<li><b>Charges de copropri\u00e9t\u00e9 et fonds de r\u00e9novation :<\/b>\n<ul>\n<li>Conseil en mati\u00e8re de v\u00e9rification de la cl\u00e9 de r\u00e9partition des charges communes et des frais.<\/li>\n<li>Conseil en mati\u00e8re de gestion et l\u2019utilisation du fonds de r\u00e9novation.<\/li>\n<\/ul>\n<\/li>\n<\/ul>\n<ul>\n<li><b>Travaux dans la PPE :<\/b>\n<ul>\n<li>Conbseil en mati\u00e8re de distinction entre les travaux n\u00e9cessaires, utiles ou somptuaires et les majorit\u00e9s requises pour leur approbation.<\/li>\n<li>Conseil en cas de d\u00e9saccord sur la r\u00e9alisation de travaux ou leur financement.<\/li>\n<\/ul>\n<\/li>\n<\/ul>\n<ul>\n<li><b>R\u00f4le de l\u2019administrateur :<\/b>\n<ul>\n<li>Conseil aux copropri\u00e9taires sur les devoirs et les pouvoirs de l\u2019administrateur.<\/li>\n<li>Conseil aux administrateurs dans l\u2019exercice de leurs fonctions et la gestion des conflits.<\/li>\n<\/ul>\n<\/li>\n<\/ul>\n<p><b>Pourquoi une consultation juridique est-elle essentielle ?<\/b> La vie en PPE est r\u00e9gie par des r\u00e8gles strictes et des d\u00e9lais imp\u00e9ratifs, notamment pour la contestation des d\u00e9cisions. Agir sans un conseil juridique \u00e9clair\u00e9 peut vous faire perdre un droit ou vous exposer \u00e0 des frais impr\u00e9vus. Une consultation avec un avocat vous permet de :<\/p>\n<ul>\n<li><b>Comprendre vos droits et devoirs<\/b> au sein de la communaut\u00e9 des propri\u00e9taires.<\/li>\n<li><b>\u00c9valuer les chances de succ\u00e8s<\/b> d\u2019une contestation ou d\u2019une action.<\/li>\n<li><b>Conseil pour agir dans les d\u00e9lais<\/b> pour faire valoir vos pr\u00e9tentions.<\/li>\n<li><b>Conseil pour trouver des solutions amiables ou judiciaires<\/b> pour r\u00e9soudre un conflit.<\/li>\n<\/ul>\n<p>Le service \u201cAvoqa\u201d vous permet d\u2019obtenir rapidement un premier avis d\u2019avocat ou de juriste pour vous aider \u00e0 prendre des d\u00e9cisions \u00e9clair\u00e9es.<\/p>\n<p>[\/et_pb_text][\/et_pb_column][\/et_pb_row][\/et_pb_section]<\/p>\n","protected":false},"excerpt":{"rendered":"<p>Consultation en droit de la PPE : conseils d\u2019avocat ou de juriste pour copropri\u00e9taires et administrateurs La Propri\u00e9t\u00e9 par \u00c9tages (PPE) est une forme de copropri\u00e9t\u00e9 qui permet \u00e0 chaque propri\u00e9taire de d\u00e9tenir un droit exclusif sur son appartement (partie privative) tout en \u00e9tant copropri\u00e9taire des parties communes de l\u2019immeuble (toit, fa\u00e7ades, escaliers, etc.). Cette [&hellip;]<\/p>\n","protected":false},"author":2,"featured_media":0,"parent":0,"menu_order":0,"comment_status":"closed","ping_status":"closed","template":"","meta":{"_et_pb_use_builder":"on","_et_pb_old_content":"<!-- wp:paragraph -->\r\n<p><b>This is a sample page.<\/b><\/p>\r\n<!-- \/wp:paragraph --><!-- wp:heading -->\r\n<h2 class=\"wp-block-heading\">Overview<\/h2>\r\n<!-- \/wp:heading --><!-- wp:paragraph -->\r\n<p>Our refund and returns policy lasts 30 days. If 30 days have passed since your purchase, we can\u2019t offer you a full refund or exchange.<\/p>\r\n<!-- \/wp:paragraph --><!-- wp:paragraph -->\r\n<p>To be eligible for a return, your item must be unused and in the same condition that you received it. It must also be in the original packaging.<\/p>\r\n<!-- \/wp:paragraph --><!-- wp:paragraph -->\r\n<p>Several types of goods are exempt from being returned. Perishable goods such as food, flowers, newspapers or magazines cannot be returned. We also do not accept products that are intimate or sanitary goods, hazardous materials, or flammable liquids or gases.<\/p>\r\n<!-- \/wp:paragraph --><!-- wp:paragraph -->\r\n<p>Additional non-returnable items:<\/p>\r\n<!-- \/wp:paragraph --><!-- wp:list -->\r\n<ul>\r\n<li>Gift cards<\/li>\r\n<li>Downloadable software products<\/li>\r\n<li>Some health and personal care items<\/li>\r\n<\/ul>\r\n<!-- \/wp:list --><!-- wp:paragraph -->\r\n<p>To complete your return, we require a receipt or proof of purchase.<\/p>\r\n<!-- \/wp:paragraph --><!-- wp:paragraph -->\r\n<p>Please do not send your purchase back to the manufacturer.<\/p>\r\n<!-- \/wp:paragraph --><!-- wp:paragraph -->\r\n<p>There are certain situations where only partial refunds are granted:<\/p>\r\n<!-- \/wp:paragraph --><!-- wp:list -->\r\n<ul>\r\n<li>Book with obvious signs of use<\/li>\r\n<li>CD, DVD, VHS tape, software, video game, cassette tape, or vinyl record that has been opened.<\/li>\r\n<li>Any item not in its original condition, is damaged or missing parts for reasons not due to our error.<\/li>\r\n<li>Any item that is returned more than 30 days after delivery<\/li>\r\n<\/ul>\r\n<!-- \/wp:list --><!-- wp:heading -->\r\n<h2 class=\"wp-block-heading\">Refunds<\/h2>\r\n<!-- \/wp:heading --><!-- wp:paragraph -->\r\n<p>Once your return is received and inspected, we will send you an email to notify you that we have received your returned item. We will also notify you of the approval or rejection of your refund.<\/p>\r\n<!-- \/wp:paragraph --><!-- wp:paragraph -->\r\n<p>If you are approved, then your refund will be processed, and a credit will automatically be applied to your credit card or original method of payment, within a certain amount of days.<\/p>\r\n<!-- \/wp:paragraph --><!-- wp:heading {\"level\":3} -->\r\n<h3 class=\"wp-block-heading\">Late or missing refunds<\/h3>\r\n<!-- \/wp:heading --><!-- wp:paragraph -->\r\n<p>If you haven\u2019t received a refund yet, first check your bank account again.<\/p>\r\n<!-- \/wp:paragraph --><!-- wp:paragraph -->\r\n<p>Then contact your credit card company, it may take some time before your refund is officially posted.<\/p>\r\n<!-- \/wp:paragraph --><!-- wp:paragraph -->\r\n<p>Next contact your bank. There is often some processing time before a refund is posted.<\/p>\r\n<!-- \/wp:paragraph --><!-- wp:paragraph -->\r\n<p>If you\u2019ve done all of this and you still have not received your refund yet, please contact us at {email address}.<\/p>\r\n<!-- \/wp:paragraph --><!-- wp:heading {\"level\":3} -->\r\n<h3 class=\"wp-block-heading\">Sale items<\/h3>\r\n<!-- \/wp:heading --><!-- wp:paragraph -->\r\n<p>Only regular priced items may be refunded. Sale items cannot be refunded.<\/p>\r\n<!-- \/wp:paragraph --><!-- wp:heading -->\r\n<h2 class=\"wp-block-heading\">Exchanges<\/h2>\r\n<!-- \/wp:heading --><!-- wp:paragraph -->\r\n<p>We only replace items if they are defective or damaged. If you need to exchange it for the same item, send us an email at {email address} and send your item to: {physical address}.<\/p>\r\n<!-- \/wp:paragraph --><!-- wp:heading -->\r\n<h2 class=\"wp-block-heading\">Gifts<\/h2>\r\n<!-- \/wp:heading --><!-- wp:paragraph -->\r\n<p>If the item was marked as a gift when purchased and shipped directly to you, you\u2019ll receive a gift credit for the value of your return. Once the returned item is received, a gift certificate will be mailed to you.<\/p>\r\n<!-- \/wp:paragraph --><!-- wp:paragraph -->\r\n<p>If the item wasn\u2019t marked as a gift when purchased, or the gift giver had the order shipped to themselves to give to you later, we will send a refund to the gift giver and they will find out about your return.<\/p>\r\n<!-- \/wp:paragraph --><!-- wp:heading -->\r\n<h2 class=\"wp-block-heading\">Shipping returns<\/h2>\r\n<!-- \/wp:heading --><!-- wp:paragraph -->\r\n<p>To return your product, you should mail your product to: {physical address}.<\/p>\r\n<!-- \/wp:paragraph --><!-- wp:paragraph -->\r\n<p>You will be responsible for paying for your own shipping costs for returning your item. Shipping costs are non-refundable. If you receive a refund, the cost of return shipping will be deducted from your refund.<\/p>\r\n<!-- \/wp:paragraph --><!-- wp:paragraph -->\r\n<p>Depending on where you live, the time it may take for your exchanged product to reach you may vary.<\/p>\r\n<!-- \/wp:paragraph --><!-- wp:paragraph -->\r\n<p>If you are returning more expensive items, you may consider using a trackable shipping service or purchasing shipping insurance. We don\u2019t guarantee that we will receive your returned item.<\/p>\r\n<!-- \/wp:paragraph --><!-- wp:heading -->\r\n<h2 class=\"wp-block-heading\">Need help?<\/h2>\r\n<!-- \/wp:heading --><!-- wp:paragraph -->\r\n<p>Contact us at {email} for questions related to refunds and returns.<\/p>\r\n<!-- \/wp:paragraph -->","_et_gb_content_width":"","footnotes":""},"dipi_cpt_category":[],"class_list":["post-29660","page","type-page","status-publish","hentry"],"yoast_head":"<!-- This site is optimized with the Yoast SEO plugin v27.4 - https:\/\/yoast.com\/product\/yoast-seo-wordpress\/ -->\n<title>Le Droit de la Propri\u00e9t\u00e9 par \u00c9tages (PPE) - avoqa<\/title>\n<meta name=\"robots\" content=\"index, follow, max-snippet:-1, max-image-preview:large, max-video-preview:-1\" \/>\n<link rel=\"canonical\" href=\"https:\/\/urbenavocats.ch\/avoqa\/le-droit-de-la-propriete-par-etages-ppe\/\" \/>\n<meta property=\"og:locale\" content=\"fr_FR\" \/>\n<meta property=\"og:type\" content=\"article\" \/>\n<meta property=\"og:title\" content=\"Le Droit de la Propri\u00e9t\u00e9 par \u00c9tages (PPE) - avoqa\" \/>\n<meta property=\"og:description\" content=\"Consultation en droit de la PPE : conseils d\u2019avocat ou de juriste pour copropri\u00e9taires et administrateurs La Propri\u00e9t\u00e9 par \u00c9tages (PPE) est une forme de copropri\u00e9t\u00e9 qui permet \u00e0 chaque propri\u00e9taire de d\u00e9tenir un droit exclusif sur son appartement (partie privative) tout en \u00e9tant copropri\u00e9taire des parties communes de l\u2019immeuble (toit, fa\u00e7ades, escaliers, etc.). Cette [&hellip;]\" \/>\n<meta property=\"og:url\" content=\"https:\/\/urbenavocats.ch\/avoqa\/le-droit-de-la-propriete-par-etages-ppe\/\" \/>\n<meta property=\"og:site_name\" content=\"avoqa\" \/>\n<meta property=\"article:modified_time\" content=\"2026-03-03T09:25:49+00:00\" \/>\n<meta name=\"twitter:card\" content=\"summary_large_image\" \/>\n<meta name=\"twitter:label1\" content=\"Dur\u00e9e de lecture estim\u00e9e\" \/>\n\t<meta name=\"twitter:data1\" content=\"7 minutes\" \/>\n<script type=\"application\/ld+json\" class=\"yoast-schema-graph\">{\"@context\":\"https:\\\/\\\/schema.org\",\"@graph\":[{\"@type\":\"WebPage\",\"@id\":\"https:\\\/\\\/urbenavocats.ch\\\/avoqa\\\/le-droit-de-la-propriete-par-etages-ppe\\\/\",\"url\":\"https:\\\/\\\/urbenavocats.ch\\\/avoqa\\\/le-droit-de-la-propriete-par-etages-ppe\\\/\",\"name\":\"Le Droit de la Propri\u00e9t\u00e9 par \u00c9tages (PPE) - avoqa\",\"isPartOf\":{\"@id\":\"https:\\\/\\\/urbenavocats.ch\\\/avoqa\\\/#website\"},\"datePublished\":\"2026-03-03T09:24:21+00:00\",\"dateModified\":\"2026-03-03T09:25:49+00:00\",\"breadcrumb\":{\"@id\":\"https:\\\/\\\/urbenavocats.ch\\\/avoqa\\\/le-droit-de-la-propriete-par-etages-ppe\\\/#breadcrumb\"},\"inLanguage\":\"fr-FR\",\"potentialAction\":[{\"@type\":\"ReadAction\",\"target\":[\"https:\\\/\\\/urbenavocats.ch\\\/avoqa\\\/le-droit-de-la-propriete-par-etages-ppe\\\/\"]}]},{\"@type\":\"BreadcrumbList\",\"@id\":\"https:\\\/\\\/urbenavocats.ch\\\/avoqa\\\/le-droit-de-la-propriete-par-etages-ppe\\\/#breadcrumb\",\"itemListElement\":[{\"@type\":\"ListItem\",\"position\":1,\"name\":\"Accueil\",\"item\":\"https:\\\/\\\/urbenavocats.ch\\\/avoqa\\\/\"},{\"@type\":\"ListItem\",\"position\":2,\"name\":\"Le Droit de la Propri\u00e9t\u00e9 par \u00c9tages (PPE)\"}]},{\"@type\":\"WebSite\",\"@id\":\"https:\\\/\\\/urbenavocats.ch\\\/avoqa\\\/#website\",\"url\":\"https:\\\/\\\/urbenavocats.ch\\\/avoqa\\\/\",\"name\":\"avoqa\",\"description\":\"\",\"potentialAction\":[{\"@type\":\"SearchAction\",\"target\":{\"@type\":\"EntryPoint\",\"urlTemplate\":\"https:\\\/\\\/urbenavocats.ch\\\/avoqa\\\/?s={search_term_string}\"},\"query-input\":{\"@type\":\"PropertyValueSpecification\",\"valueRequired\":true,\"valueName\":\"search_term_string\"}}],\"inLanguage\":\"fr-FR\"}]}<\/script>\n<!-- \/ Yoast SEO plugin. -->","yoast_head_json":{"title":"Le Droit de la Propri\u00e9t\u00e9 par \u00c9tages (PPE) - avoqa","robots":{"index":"index","follow":"follow","max-snippet":"max-snippet:-1","max-image-preview":"max-image-preview:large","max-video-preview":"max-video-preview:-1"},"canonical":"https:\/\/urbenavocats.ch\/avoqa\/le-droit-de-la-propriete-par-etages-ppe\/","og_locale":"fr_FR","og_type":"article","og_title":"Le Droit de la Propri\u00e9t\u00e9 par \u00c9tages (PPE) - avoqa","og_description":"Consultation en droit de la PPE : conseils d\u2019avocat ou de juriste pour copropri\u00e9taires et administrateurs La Propri\u00e9t\u00e9 par \u00c9tages (PPE) est une forme de copropri\u00e9t\u00e9 qui permet \u00e0 chaque propri\u00e9taire de d\u00e9tenir un droit exclusif sur son appartement (partie privative) tout en \u00e9tant copropri\u00e9taire des parties communes de l\u2019immeuble (toit, fa\u00e7ades, escaliers, etc.). Cette [&hellip;]","og_url":"https:\/\/urbenavocats.ch\/avoqa\/le-droit-de-la-propriete-par-etages-ppe\/","og_site_name":"avoqa","article_modified_time":"2026-03-03T09:25:49+00:00","twitter_card":"summary_large_image","twitter_misc":{"Dur\u00e9e de lecture estim\u00e9e":"7 minutes"},"schema":{"@context":"https:\/\/schema.org","@graph":[{"@type":"WebPage","@id":"https:\/\/urbenavocats.ch\/avoqa\/le-droit-de-la-propriete-par-etages-ppe\/","url":"https:\/\/urbenavocats.ch\/avoqa\/le-droit-de-la-propriete-par-etages-ppe\/","name":"Le Droit de la Propri\u00e9t\u00e9 par \u00c9tages (PPE) - avoqa","isPartOf":{"@id":"https:\/\/urbenavocats.ch\/avoqa\/#website"},"datePublished":"2026-03-03T09:24:21+00:00","dateModified":"2026-03-03T09:25:49+00:00","breadcrumb":{"@id":"https:\/\/urbenavocats.ch\/avoqa\/le-droit-de-la-propriete-par-etages-ppe\/#breadcrumb"},"inLanguage":"fr-FR","potentialAction":[{"@type":"ReadAction","target":["https:\/\/urbenavocats.ch\/avoqa\/le-droit-de-la-propriete-par-etages-ppe\/"]}]},{"@type":"BreadcrumbList","@id":"https:\/\/urbenavocats.ch\/avoqa\/le-droit-de-la-propriete-par-etages-ppe\/#breadcrumb","itemListElement":[{"@type":"ListItem","position":1,"name":"Accueil","item":"https:\/\/urbenavocats.ch\/avoqa\/"},{"@type":"ListItem","position":2,"name":"Le Droit de la Propri\u00e9t\u00e9 par \u00c9tages (PPE)"}]},{"@type":"WebSite","@id":"https:\/\/urbenavocats.ch\/avoqa\/#website","url":"https:\/\/urbenavocats.ch\/avoqa\/","name":"avoqa","description":"","potentialAction":[{"@type":"SearchAction","target":{"@type":"EntryPoint","urlTemplate":"https:\/\/urbenavocats.ch\/avoqa\/?s={search_term_string}"},"query-input":{"@type":"PropertyValueSpecification","valueRequired":true,"valueName":"search_term_string"}}],"inLanguage":"fr-FR"}]}},"_links":{"self":[{"href":"https:\/\/urbenavocats.ch\/avoqa\/wp-json\/wp\/v2\/pages\/29660","targetHints":{"allow":["GET"]}}],"collection":[{"href":"https:\/\/urbenavocats.ch\/avoqa\/wp-json\/wp\/v2\/pages"}],"about":[{"href":"https:\/\/urbenavocats.ch\/avoqa\/wp-json\/wp\/v2\/types\/page"}],"author":[{"embeddable":true,"href":"https:\/\/urbenavocats.ch\/avoqa\/wp-json\/wp\/v2\/users\/2"}],"replies":[{"embeddable":true,"href":"https:\/\/urbenavocats.ch\/avoqa\/wp-json\/wp\/v2\/comments?post=29660"}],"version-history":[{"count":2,"href":"https:\/\/urbenavocats.ch\/avoqa\/wp-json\/wp\/v2\/pages\/29660\/revisions"}],"predecessor-version":[{"id":29664,"href":"https:\/\/urbenavocats.ch\/avoqa\/wp-json\/wp\/v2\/pages\/29660\/revisions\/29664"}],"wp:attachment":[{"href":"https:\/\/urbenavocats.ch\/avoqa\/wp-json\/wp\/v2\/media?parent=29660"}],"wp:term":[{"taxonomy":"dipi_cpt_category","embeddable":true,"href":"https:\/\/urbenavocats.ch\/avoqa\/wp-json\/wp\/v2\/dipi_cpt_category?post=29660"}],"curies":[{"name":"wp","href":"https:\/\/api.w.org\/{rel}","templated":true}]}}