{"id":28899,"date":"2025-09-30T16:28:35","date_gmt":"2025-09-30T14:28:35","guid":{"rendered":"https:\/\/avoqa.ch\/?page_id=28899"},"modified":"2025-11-11T09:53:16","modified_gmt":"2025-11-11T08:53:16","slug":"cgu","status":"publish","type":"page","link":"https:\/\/urbenavocats.ch\/avoqa\/cgu\/","title":{"rendered":"CGU"},"content":{"rendered":"<p>[et_pb_section fb_built=\u00a0\u00bb1&Prime; custom_padding_last_edited=\u00a0\u00bbon|tablet\u00a0\u00bb _builder_version=\u00a0\u00bb4.27.4&Prime; _module_preset=\u00a0\u00bbdefault\u00a0\u00bb background_color=\u00a0\u00bb#5e5e5e\u00a0\u00bb background_image=\u00a0\u00bbhttps:\/\/urbenavocats.ch\/avoqa\/wp-content\/uploads\/2025\/04\/xavier-von-erlach-ixPeR1YfgOA-unsplash.min_.jpeg\u00a0\u00bb background_position=\u00a0\u00bbtop_center\u00a0\u00bb background_blend=\u00a0\u00bbmultiply\u00a0\u00bb custom_padding=\u00a0\u00bb120px||60px||false|false\u00a0\u00bb custom_padding_tablet=\u00a0\u00bb150px||50px||false|false\u00a0\u00bb custom_padding_phone=\u00a0\u00bb100px||||false|false\u00a0\u00bb background_last_edited=\u00a0\u00bbon|phone\u00a0\u00bb background_image_tablet=\u00a0\u00bbhttps:\/\/urbenavocats.ch\/avoqa\/wp-content\/uploads\/2025\/04\/xavier-von-erlach-ixPeR1YfgOA-unsplash.min_.jpeg\u00a0\u00bb background_image_phone=\u00a0\u00bbhttps:\/\/urbenavocats.ch\/avoqa\/wp-content\/uploads\/2025\/04\/xavier-von-erlach-ixPeR1YfgOA-unsplash.min_.jpeg\u00a0\u00bb background_enable_image_tablet=\u00a0\u00bbon\u00a0\u00bb background_enable_image_phone=\u00a0\u00bbon\u00a0\u00bb parallax_phone=\u00a0\u00bboff\u00a0\u00bb background_size_tablet=\u00a0\u00bbcover\u00a0\u00bb background_size_phone=\u00a0\u00bbcover\u00a0\u00bb background_position_tablet=\u00a0\u00bbtop_center\u00a0\u00bb background_position_phone=\u00a0\u00bbtop_center\u00a0\u00bb locked=\u00a0\u00bboff\u00a0\u00bb global_colors_info=\u00a0\u00bb{}\u00a0\u00bb][et_pb_row use_custom_gutter=\u00a0\u00bbon\u00a0\u00bb gutter_width=\u00a0\u00bb2&Prime; _builder_version=\u00a0\u00bb4.16&Prime; _module_preset=\u00a0\u00bbdefault\u00a0\u00bb global_colors_info=\u00a0\u00bb{}\u00a0\u00bb][et_pb_column type=\u00a0\u00bb4_4&Prime; _builder_version=\u00a0\u00bb4.16&Prime; _module_preset=\u00a0\u00bb7e660c57-154f-4279-8107-aa40cce3c68d\u00a0\u00bb global_colors_info=\u00a0\u00bb{}\u00a0\u00bb][et_pb_text _builder_version=\u00a0\u00bb4.27.4&Prime; _module_preset=\u00a0\u00bbdefault\u00a0\u00bb text_font=\u00a0\u00bbQuestrial||||||||\u00a0\u00bb text_text_color=\u00a0\u00bb#FFF8F7&Prime; text_font_size=\u00a0\u00bb64px\u00a0\u00bb text_letter_spacing=\u00a0\u00bb0.5px\u00a0\u00bb text_line_height=\u00a0\u00bb1.6em\u00a0\u00bb text_orientation=\u00a0\u00bbcenter\u00a0\u00bb custom_margin=\u00a0\u00bb||0px||false|false\u00a0\u00bb text_font_size_tablet=\u00a0\u00bb18px\u00a0\u00bb text_font_size_phone=\u00a0\u00bb14px\u00a0\u00bb text_font_size_last_edited=\u00a0\u00bboff|desktop\u00a0\u00bb global_colors_info=\u00a0\u00bb{}\u00a0\u00bb]Conditions g\u00e9n\u00e9rales  d&rsquo;utilisation[\/et_pb_text][\/et_pb_column][\/et_pb_row][\/et_pb_section][et_pb_section fb_built=\u00a0\u00bb1&Prime; _builder_version=\u00a0\u00bb4.27.4&Prime; background_color=\u00a0\u00bb#efece6&Prime; global_colors_info=\u00a0\u00bb{}\u00a0\u00bb][et_pb_row _builder_version=\u00a0\u00bb4.27.4&Prime; background_size=\u00a0\u00bbinitial\u00a0\u00bb background_position=\u00a0\u00bbtop_left\u00a0\u00bb background_repeat=\u00a0\u00bbrepeat\u00a0\u00bb custom_margin=\u00a0\u00bb||||false|false\u00a0\u00bb custom_padding=\u00a0\u00bb0px||0px||false|false\u00a0\u00bb global_colors_info=\u00a0\u00bb{}\u00a0\u00bb][et_pb_column type=\u00a0\u00bb4_4&Prime; _builder_version=\u00a0\u00bb4.16&Prime; custom_padding=\u00a0\u00bb|||\u00a0\u00bb global_colors_info=\u00a0\u00bb{}\u00a0\u00bb custom_padding__hover=\u00a0\u00bb|||\u00a0\u00bb][et_pb_text _builder_version=\u00a0\u00bb4.27.4&Prime; _module_preset=\u00a0\u00bbdefault\u00a0\u00bb hover_enabled=\u00a0\u00bb0&Prime; global_colors_info=\u00a0\u00bb{}\u00a0\u00bb sticky_enabled=\u00a0\u00bb0&Prime;]<\/p>\n<h2>Conditions G\u00e9n\u00e9rales<\/h2>\n<h2>\u00a0<\/h2>\n<h2>1. Introduction<\/h2>\n<p>Les pr\u00e9sentes conditions g\u00e9n\u00e9rales (ci-apr\u00e8s : CG) d\u00e9finissent la relation contractuelle dans le cadre de la s\u00e9ance de conseil juridique (ci-apr\u00e8s : la (les) S\u00e9ance(s)) que L\u2019\u00e9tude Urben Signori, par son associ\u00e9 Me Luca Urben (ci-apr\u00e8s : US), propose \u00e0 ses clients (ci-apr\u00e8s : le (les) Client(s)). En souscrivant \u00e0 une S\u00e9ance, le Client accepte les pr\u00e9sentes CG.<\/p>\n<h2>\u00a0<\/h2>\n<h2>2. Prestations<\/h2>\n<p>Avoqa est un produit propos\u00e9 par US, consistant en une consultation de conseil juridique en droit interne suisse. La prestation d\u2019US comprend une S\u00e9ance par t\u00e9l\u00e9phone, par visio conf\u00e9rence ou en pr\u00e9sentiel dans ses locaux, sis Rue de la Paix 4, \u00e0 1820 Montreux, conduite par des juristes titulaires d\u2019un master en droit suisse ou des avocats, collaborateurs d\u2019US. Le Client prend rendez-vous, choisit la plage horaire qui lui convient sur le site web [www.urbensignori\/avoqa.ch] (ci-apr\u00e8s : le Site Internet) et paie d\u2019avance sa S\u00e9ance. Le Client n\u2019a pas le choix du collaborateur d\u2019US avec lequel la S\u00e9ance se d\u00e9roulera.<\/p>\n<p>US propose trois types de S\u00e9ances, \u00e0 savoir :<\/p>\n<p style=\"padding-left: 40px;\">S\u00e9ance de 60 minutes CHF 149.00 TTC<\/p>\n<p style=\"padding-left: 40px;\">S\u00e9ance de 30 minutes CHF 79.00 TTC<\/p>\n<p style=\"padding-left: 40px;\">S\u00e9ance de 20 minutes CHF 59.00 TTC<\/p>\n<p>Par ailleurs, US propose \u00e9galement aux Clients l\u2019examen d\u2019un document, pr\u00e9alablement \u00e0 la S\u00e9ance, pour un montant additionnel de CHF 29.00 TTC, et la possibilit\u00e9 de poser une question de mani\u00e8re anticip\u00e9e, \u00e0 savoir avant la S\u00e9ance, pour un suppl\u00e9ment de CHF 29.00 TTC \u00e9galement. Dites anticipations permettent \u00e0 US de pr\u00e9parer utilement la S\u00e9ance \u00e0 venir et la rendre plus efficiente.<\/p>\n<p>Lors de la S\u00e9ance, US renseigne le Client sur sa situation juridique dans la mesure que permet une S\u00e9ance de courte dur\u00e9e, en \u00e9tudiant, le cas \u00e9ch\u00e9ant, les documents transmis de mani\u00e8re anticip\u00e9e. En particulier, les informations fournies en S\u00e9ance n\u2019emportent pas avis de droit. Le respect d\u2019\u00e9ventuels d\u00e9lais, notamment en mati\u00e8re de recours et de prescription, est exclusivement de la responsabilit\u00e9 du Client, \u00e9tant donn\u00e9 qu\u2019US ne le repr\u00e9sente pas \u00e0 l\u2019\u00e9gard des tiers au stade de la S\u00e9ance.<\/p>\n<h2>\u00a0<\/h2>\n<h2>3. Restrictions<\/h2>\n<p>US ne fournit pas de renseignements juridiques relevant du droit \u00e9tranger ou impliquant des probl\u00e9matiques de port\u00e9e internationale.<\/p>\n<h2>\u00a0<\/h2>\n<h2>4. Naissance du contrat et gestion des conflits d\u2019int\u00e9r\u00eats<\/h2>\n<p>Le contrat de mandat est r\u00e9put\u00e9 conclu une fois le paiement du Client intervenu et l\u2019acceptation expresse de la S\u00e9ance faite par US. Les effets du contrat de mandat ainsi conclu sont suspendus jusqu\u2019au d\u00e9but de la S\u00e9ance (contrat \u00e0 terme), de sorte qu\u2019US n\u2019est tenue \u00e0 aucune prestation dans cet intervalle, sous r\u00e9serve, le cas \u00e9ch\u00e9ant de la consultation du document ou de la question remis de mani\u00e8re anticip\u00e9e. La prise d\u2019effets du contrat de mandat est subordonn\u00e9e \u00e0 la participation du Client \u00e0 la S\u00e9ance convenue, \u00e0 d\u00e9faut de quoi le contrat est caduc (condition r\u00e9solutoire).<\/p>\n<p>Le processus de conclusion et d\u2019ex\u00e9cution du contrat est le suivant :<\/p>\n<p>1) US prend connaissance du formulaire rempli par le Client sur le Site Internet mentionnant le nom des parties prenantes au litige et s\u2019abstient de consulter, cas \u00e9ch\u00e9ant, les questions et document soumis par le Client de mani\u00e8re anticip\u00e9e.<\/p>\n<p>2) Avant de confirmer la S\u00e9ance au Client et, partant, d\u2019accepter le mandat qui lui est propos\u00e9, US met tout en \u0153uvre pour identifier tout conflit d\u2019int\u00e9r\u00eats av\u00e9r\u00e9 ou potentiel.<\/p>\n<p>3) En cas de conflits d\u2019int\u00e9r\u00eats ou de doute quant \u00e0 l\u2019existence d\u2019un tel conflit, US refusera le mandat. US se r\u00e9serve en outre le droit de refuser le mandat sans indiquer de motifs.<\/p>\n<p>4) Ce refus est cas \u00e9ch\u00e9ant indiqu\u00e9 au Client par courriel avant la date de la S\u00e9ance. Dans ce cas, le montant pay\u00e9 par le Client lui est int\u00e9gralement rembours\u00e9 sur le compte bancaire dont les coordonn\u00e9es seront communiqu\u00e9es par ce dernier.<\/p>\n<h2>\u00a0<\/h2>\n<h2>5. S\u00e9ance manqu\u00e9e\/annul\u00e9e<\/h2>\n<p>Toute S\u00e9ance manqu\u00e9e ou annul\u00e9e par le Client sera factur\u00e9e. Dans ces cas de figure, un report de la S\u00e9ance reste toutefois possible moyennant fixation d\u2019un nouveau rendez-vous \u00e0 l\u2019initiative du Client par appel t\u00e9l\u00e9phonique \u00e0 US dans un d\u00e9lai de 30 jours \u00e0 compter du jour de la S\u00e9ance manqu\u00e9e\/annul\u00e9e. A d\u00e9faut de fixation d\u2019une nouvelle S\u00e9ance, le montant pay\u00e9 par le Client pour la S\u00e9ance manqu\u00e9e\/Annul\u00e9e reste acquis \u00e0 US.<\/p>\n<h2>\u00a0<\/h2>\n<h2>6. Secret professionnel et confidentialit\u00e9<\/h2>\n<p>US est tenu au respect du secret professionnel, conform\u00e9ment \u00e0 l\u2019art. 321 du Code p\u00e9nal suisse (ci-apr\u00e8s : CP) et \u00e0 l\u2019art. 13 de la Loi f\u00e9d\u00e9rale sur la libre circulation des avocats (ci-apr\u00e8s : LLCA).<\/p>\n<p>Le secret professionnel couvre toutes les informations confi\u00e9es par le Client \u00e0 US, que ce soit oralement, par \u00e9crit ou par tout autre moyen.<\/p>\n<p>US s\u2019engage \u00e0 ne communiquer aucune information soumise au secret professionnel sans le consentement expr\u00e8s et pr\u00e9alable du Client.<\/p>\n<p>L\u2019obligation du secret professionnel lie \u00e9galement les collaborateurs d\u2019US, lesquels sont tenus par les m\u00eames devoirs de discr\u00e9tion et de confidentialit\u00e9.<\/p>\n<p>Cette obligation perdure m\u00eame apr\u00e8s la fin du mandat, sans limitation de dur\u00e9e.<\/p>\n<h2>\u00a0<\/h2>\n<h2>7. Clause de non-responsabilit\u00e9<\/h2>\n<p>US s\u2019engage \u00e0 fournir des recommandations et des conseils juridiques avec la diligence ordinaire attendue dans le cadre de sa mission. La Consultation repose exclusivement sur les faits tels que d\u00e9crits par le Client ainsi que, le cas \u00e9ch\u00e9ant, sur les documents transmis.<\/p>\n<p>En cons\u00e9quence, US ne peut garantir l\u2019exhaustivit\u00e9 ni l\u2019exactitude des informations et conseils d\u00e9livr\u00e9s.<\/p>\n<p>Un avis de droit ne peut \u00eatre offert que par un \u00e9ventuel mandat subs\u00e9quent et distinct pr\u00e9par\u00e9 par US, \u00e0 des conditions \u00e0 d\u00e9finir entre US et le Client.<\/p>\n<h2>\u00a0<\/h2>\n<h2>8. Protection des donn\u00e9es<\/h2>\n<p>Lors de la conclusion d\u2019un contrat de mandat avec US, les donn\u00e9es des Clients et, le cas \u00e9ch\u00e9ant, les documents transmis dans le cadre de ce mandat sont sauvegard\u00e9s sur \u00ab INFOMANIAK NETWORK SA \u00bb, un serveur en Suisse. Le Client accepte que les donn\u00e9es et documents fournis soient sauvegard\u00e9s sur cette plateforme. Les donn\u00e9es du Client ne sont pas transmises \u00e0 d\u2019autres tiers.<\/p>\n<p>Le Client accepte le fait que toute correspondance peut \u00eatre transmise par courrier \u00e9lectronique non crypt\u00e9, sachant que ce moyen n\u2019offre pas toutes les garanties de confidentialit\u00e9 du courrier postal.<\/p>\n<p>A l\u2019expiration du d\u00e9lai de dix ans d\u00e8s la s\u00e9ance avec le Client, US sera en droit de d\u00e9truire les pi\u00e8ces transmises.<\/p>\n<p>Conform\u00e9ment aux articles 25 et suivants de la Loi f\u00e9d\u00e9rale sur la protection des donn\u00e9es (ci-apr\u00e8s : LPD), le Client peut faire valoir \u00e0 tout moment et gratuitement aupr\u00e8s d\u2019Avoqa les droits \u00e9num\u00e9r\u00e9s ci-apr\u00e8s :<\/p>\n<p style=\"padding-left: 40px;\">Droit d\u2019acc\u00e8s : c\u2019est-\u00e0-dire obtenir des informations sur les donn\u00e9es personnelles trait\u00e9es par US.<\/p>\n<p style=\"padding-left: 40px;\">Droit de rectification : c\u2019est-\u00e0-dire demander la correction de donn\u00e9es inexactes ou incompl\u00e8tes.<\/p>\n<p style=\"padding-left: 40px;\">Droit de r\u00e9voquer son consentement : c\u2019est-\u00e0-dire demander l\u2019effacement de ses donn\u00e9es personnelles dans la mesure o\u00f9 le traitement des donn\u00e9es repose sur ce consentement.<\/p>\n<p>&nbsp;<\/p>\n<p>Toute demande doit \u00eatre adress\u00e9e par \u00e9crit, accompagn\u00e9e d\u2019une pi\u00e8ce d\u2019identit\u00e9, \u00e0 l\u2019adresse suivante :<\/p>\n<p>Me Luca Urben<br \/>Avenue du Casino 50<br \/>CH-1820 Montreux<\/p>\n<h2>\u00a0<\/h2>\n<h2>9. Modification des CG<\/h2>\n<p>US a le droit en tout temps de modifier ou d\u2019amender les pr\u00e9sentes CG, sans restriction et sans devoir informer le Client pr\u00e9alablement.<\/p>\n<h2>\u00a0<\/h2>\n<h2>10. For et droit applicable<\/h2>\n<p>Le droit applicable aux relations entre les parties est le droit interne suisse.<\/p>\n<p>En cas de litige d\u00e9coulant des pr\u00e9sentes CG, le for exclusif est \u00e0 Montreux.<\/p>\n<p>[\/et_pb_text][\/et_pb_column][\/et_pb_row][\/et_pb_section]<\/p>\n","protected":false},"excerpt":{"rendered":"<p>Conditions g\u00e9n\u00e9rales d&rsquo;utilisationConditions G\u00e9n\u00e9rales \u00a0 1. Introduction Les pr\u00e9sentes conditions g\u00e9n\u00e9rales (ci-apr\u00e8s : CG) d\u00e9finissent la relation contractuelle dans le cadre de la s\u00e9ance de conseil juridique (ci-apr\u00e8s : la (les) S\u00e9ance(s)) que L\u2019\u00e9tude Urben Signori, par son associ\u00e9 Me Luca Urben (ci-apr\u00e8s : US), propose \u00e0 ses clients (ci-apr\u00e8s : le (les) Client(s)). En [&hellip;]<\/p>\n","protected":false},"author":2,"featured_media":0,"parent":0,"menu_order":0,"comment_status":"closed","ping_status":"closed","template":"","meta":{"_et_pb_use_builder":"on","_et_pb_old_content":"<!-- wp:paragraph -->\r\n<p><b>This is a sample page.<\/b><\/p>\r\n<!-- \/wp:paragraph --><!-- wp:heading -->\r\n<h2 class=\"wp-block-heading\">Overview<\/h2>\r\n<!-- \/wp:heading --><!-- wp:paragraph -->\r\n<p>Our refund and returns policy lasts 30 days. If 30 days have passed since your purchase, we can\u2019t offer you a full refund or exchange.<\/p>\r\n<!-- \/wp:paragraph --><!-- wp:paragraph -->\r\n<p>To be eligible for a return, your item must be unused and in the same condition that you received it. It must also be in the original packaging.<\/p>\r\n<!-- \/wp:paragraph --><!-- wp:paragraph -->\r\n<p>Several types of goods are exempt from being returned. Perishable goods such as food, flowers, newspapers or magazines cannot be returned. We also do not accept products that are intimate or sanitary goods, hazardous materials, or flammable liquids or gases.<\/p>\r\n<!-- \/wp:paragraph --><!-- wp:paragraph -->\r\n<p>Additional non-returnable items:<\/p>\r\n<!-- \/wp:paragraph --><!-- wp:list -->\r\n<ul>\r\n<li>Gift cards<\/li>\r\n<li>Downloadable software products<\/li>\r\n<li>Some health and personal care items<\/li>\r\n<\/ul>\r\n<!-- \/wp:list --><!-- wp:paragraph -->\r\n<p>To complete your return, we require a receipt or proof of purchase.<\/p>\r\n<!-- \/wp:paragraph --><!-- wp:paragraph -->\r\n<p>Please do not send your purchase back to the manufacturer.<\/p>\r\n<!-- \/wp:paragraph --><!-- wp:paragraph -->\r\n<p>There are certain situations where only partial refunds are granted:<\/p>\r\n<!-- \/wp:paragraph --><!-- wp:list -->\r\n<ul>\r\n<li>Book with obvious signs of use<\/li>\r\n<li>CD, DVD, VHS tape, software, video game, cassette tape, or vinyl record that has been opened.<\/li>\r\n<li>Any item not in its original condition, is damaged or missing parts for reasons not due to our error.<\/li>\r\n<li>Any item that is returned more than 30 days after delivery<\/li>\r\n<\/ul>\r\n<!-- \/wp:list --><!-- wp:heading -->\r\n<h2 class=\"wp-block-heading\">Refunds<\/h2>\r\n<!-- \/wp:heading --><!-- wp:paragraph -->\r\n<p>Once your return is received and inspected, we will send you an email to notify you that we have received your returned item. We will also notify you of the approval or rejection of your refund.<\/p>\r\n<!-- \/wp:paragraph --><!-- wp:paragraph -->\r\n<p>If you are approved, then your refund will be processed, and a credit will automatically be applied to your credit card or original method of payment, within a certain amount of days.<\/p>\r\n<!-- \/wp:paragraph --><!-- wp:heading {\"level\":3} -->\r\n<h3 class=\"wp-block-heading\">Late or missing refunds<\/h3>\r\n<!-- \/wp:heading --><!-- wp:paragraph -->\r\n<p>If you haven\u2019t received a refund yet, first check your bank account again.<\/p>\r\n<!-- \/wp:paragraph --><!-- wp:paragraph -->\r\n<p>Then contact your credit card company, it may take some time before your refund is officially posted.<\/p>\r\n<!-- \/wp:paragraph --><!-- wp:paragraph -->\r\n<p>Next contact your bank. There is often some processing time before a refund is posted.<\/p>\r\n<!-- \/wp:paragraph --><!-- wp:paragraph -->\r\n<p>If you\u2019ve done all of this and you still have not received your refund yet, please contact us at {email address}.<\/p>\r\n<!-- \/wp:paragraph --><!-- wp:heading {\"level\":3} -->\r\n<h3 class=\"wp-block-heading\">Sale items<\/h3>\r\n<!-- \/wp:heading --><!-- wp:paragraph -->\r\n<p>Only regular priced items may be refunded. Sale items cannot be refunded.<\/p>\r\n<!-- \/wp:paragraph --><!-- wp:heading -->\r\n<h2 class=\"wp-block-heading\">Exchanges<\/h2>\r\n<!-- \/wp:heading --><!-- wp:paragraph -->\r\n<p>We only replace items if they are defective or damaged. If you need to exchange it for the same item, send us an email at {email address} and send your item to: {physical address}.<\/p>\r\n<!-- \/wp:paragraph --><!-- wp:heading -->\r\n<h2 class=\"wp-block-heading\">Gifts<\/h2>\r\n<!-- \/wp:heading --><!-- wp:paragraph -->\r\n<p>If the item was marked as a gift when purchased and shipped directly to you, you\u2019ll receive a gift credit for the value of your return. Once the returned item is received, a gift certificate will be mailed to you.<\/p>\r\n<!-- \/wp:paragraph --><!-- wp:paragraph -->\r\n<p>If the item wasn\u2019t marked as a gift when purchased, or the gift giver had the order shipped to themselves to give to you later, we will send a refund to the gift giver and they will find out about your return.<\/p>\r\n<!-- \/wp:paragraph --><!-- wp:heading -->\r\n<h2 class=\"wp-block-heading\">Shipping returns<\/h2>\r\n<!-- \/wp:heading --><!-- wp:paragraph -->\r\n<p>To return your product, you should mail your product to: {physical address}.<\/p>\r\n<!-- \/wp:paragraph --><!-- wp:paragraph -->\r\n<p>You will be responsible for paying for your own shipping costs for returning your item. Shipping costs are non-refundable. If you receive a refund, the cost of return shipping will be deducted from your refund.<\/p>\r\n<!-- \/wp:paragraph --><!-- wp:paragraph -->\r\n<p>Depending on where you live, the time it may take for your exchanged product to reach you may vary.<\/p>\r\n<!-- \/wp:paragraph --><!-- wp:paragraph -->\r\n<p>If you are returning more expensive items, you may consider using a trackable shipping service or purchasing shipping insurance. We don\u2019t guarantee that we will receive your returned item.<\/p>\r\n<!-- \/wp:paragraph --><!-- wp:heading -->\r\n<h2 class=\"wp-block-heading\">Need help?<\/h2>\r\n<!-- \/wp:heading --><!-- wp:paragraph -->\r\n<p>Contact us at {email} for questions related to refunds and returns.<\/p>\r\n<!-- \/wp:paragraph -->","_et_gb_content_width":"","footnotes":""},"dipi_cpt_category":[],"class_list":["post-28899","page","type-page","status-publish","hentry"],"yoast_head":"<!-- This site is optimized with the Yoast SEO plugin v27.4 - https:\/\/yoast.com\/product\/yoast-seo-wordpress\/ -->\n<title>CGU - avoqa<\/title>\n<meta name=\"robots\" content=\"index, follow, max-snippet:-1, max-image-preview:large, max-video-preview:-1\" \/>\n<link rel=\"canonical\" href=\"https:\/\/urbenavocats.ch\/avoqa\/cgu\/\" \/>\n<meta property=\"og:locale\" content=\"fr_FR\" \/>\n<meta property=\"og:type\" content=\"article\" \/>\n<meta property=\"og:title\" content=\"CGU - avoqa\" \/>\n<meta property=\"og:description\" content=\"Conditions g\u00e9n\u00e9rales d&#039;utilisationConditions G\u00e9n\u00e9rales \u00a0 1. Introduction Les pr\u00e9sentes conditions g\u00e9n\u00e9rales (ci-apr\u00e8s : CG) d\u00e9finissent la relation contractuelle dans le cadre de la s\u00e9ance de conseil juridique (ci-apr\u00e8s : la (les) S\u00e9ance(s)) que L\u2019\u00e9tude Urben Signori, par son associ\u00e9 Me Luca Urben (ci-apr\u00e8s : US), propose \u00e0 ses clients (ci-apr\u00e8s : le (les) Client(s)). En [&hellip;]\" \/>\n<meta property=\"og:url\" content=\"https:\/\/urbenavocats.ch\/avoqa\/cgu\/\" \/>\n<meta property=\"og:site_name\" content=\"avoqa\" \/>\n<meta property=\"article:modified_time\" content=\"2025-11-11T08:53:16+00:00\" \/>\n<meta name=\"twitter:card\" content=\"summary_large_image\" \/>\n<meta name=\"twitter:label1\" content=\"Dur\u00e9e de lecture estim\u00e9e\" \/>\n\t<meta name=\"twitter:data1\" content=\"7 minutes\" \/>\n<script type=\"application\/ld+json\" class=\"yoast-schema-graph\">{\"@context\":\"https:\\\/\\\/schema.org\",\"@graph\":[{\"@type\":\"WebPage\",\"@id\":\"https:\\\/\\\/urbenavocats.ch\\\/avoqa\\\/cgu\\\/\",\"url\":\"https:\\\/\\\/urbenavocats.ch\\\/avoqa\\\/cgu\\\/\",\"name\":\"CGU - avoqa\",\"isPartOf\":{\"@id\":\"https:\\\/\\\/urbenavocats.ch\\\/avoqa\\\/#website\"},\"datePublished\":\"2025-09-30T14:28:35+00:00\",\"dateModified\":\"2025-11-11T08:53:16+00:00\",\"breadcrumb\":{\"@id\":\"https:\\\/\\\/urbenavocats.ch\\\/avoqa\\\/cgu\\\/#breadcrumb\"},\"inLanguage\":\"fr-FR\",\"potentialAction\":[{\"@type\":\"ReadAction\",\"target\":[\"https:\\\/\\\/urbenavocats.ch\\\/avoqa\\\/cgu\\\/\"]}]},{\"@type\":\"BreadcrumbList\",\"@id\":\"https:\\\/\\\/urbenavocats.ch\\\/avoqa\\\/cgu\\\/#breadcrumb\",\"itemListElement\":[{\"@type\":\"ListItem\",\"position\":1,\"name\":\"Accueil\",\"item\":\"https:\\\/\\\/urbenavocats.ch\\\/avoqa\\\/\"},{\"@type\":\"ListItem\",\"position\":2,\"name\":\"CGU\"}]},{\"@type\":\"WebSite\",\"@id\":\"https:\\\/\\\/urbenavocats.ch\\\/avoqa\\\/#website\",\"url\":\"https:\\\/\\\/urbenavocats.ch\\\/avoqa\\\/\",\"name\":\"avoqa\",\"description\":\"\",\"potentialAction\":[{\"@type\":\"SearchAction\",\"target\":{\"@type\":\"EntryPoint\",\"urlTemplate\":\"https:\\\/\\\/urbenavocats.ch\\\/avoqa\\\/?s={search_term_string}\"},\"query-input\":{\"@type\":\"PropertyValueSpecification\",\"valueRequired\":true,\"valueName\":\"search_term_string\"}}],\"inLanguage\":\"fr-FR\"}]}<\/script>\n<!-- \/ Yoast SEO plugin. -->","yoast_head_json":{"title":"CGU - avoqa","robots":{"index":"index","follow":"follow","max-snippet":"max-snippet:-1","max-image-preview":"max-image-preview:large","max-video-preview":"max-video-preview:-1"},"canonical":"https:\/\/urbenavocats.ch\/avoqa\/cgu\/","og_locale":"fr_FR","og_type":"article","og_title":"CGU - avoqa","og_description":"Conditions g\u00e9n\u00e9rales d'utilisationConditions G\u00e9n\u00e9rales \u00a0 1. Introduction Les pr\u00e9sentes conditions g\u00e9n\u00e9rales (ci-apr\u00e8s : CG) d\u00e9finissent la relation contractuelle dans le cadre de la s\u00e9ance de conseil juridique (ci-apr\u00e8s : la (les) S\u00e9ance(s)) que L\u2019\u00e9tude Urben Signori, par son associ\u00e9 Me Luca Urben (ci-apr\u00e8s : US), propose \u00e0 ses clients (ci-apr\u00e8s : le (les) Client(s)). En [&hellip;]","og_url":"https:\/\/urbenavocats.ch\/avoqa\/cgu\/","og_site_name":"avoqa","article_modified_time":"2025-11-11T08:53:16+00:00","twitter_card":"summary_large_image","twitter_misc":{"Dur\u00e9e de lecture estim\u00e9e":"7 minutes"},"schema":{"@context":"https:\/\/schema.org","@graph":[{"@type":"WebPage","@id":"https:\/\/urbenavocats.ch\/avoqa\/cgu\/","url":"https:\/\/urbenavocats.ch\/avoqa\/cgu\/","name":"CGU - avoqa","isPartOf":{"@id":"https:\/\/urbenavocats.ch\/avoqa\/#website"},"datePublished":"2025-09-30T14:28:35+00:00","dateModified":"2025-11-11T08:53:16+00:00","breadcrumb":{"@id":"https:\/\/urbenavocats.ch\/avoqa\/cgu\/#breadcrumb"},"inLanguage":"fr-FR","potentialAction":[{"@type":"ReadAction","target":["https:\/\/urbenavocats.ch\/avoqa\/cgu\/"]}]},{"@type":"BreadcrumbList","@id":"https:\/\/urbenavocats.ch\/avoqa\/cgu\/#breadcrumb","itemListElement":[{"@type":"ListItem","position":1,"name":"Accueil","item":"https:\/\/urbenavocats.ch\/avoqa\/"},{"@type":"ListItem","position":2,"name":"CGU"}]},{"@type":"WebSite","@id":"https:\/\/urbenavocats.ch\/avoqa\/#website","url":"https:\/\/urbenavocats.ch\/avoqa\/","name":"avoqa","description":"","potentialAction":[{"@type":"SearchAction","target":{"@type":"EntryPoint","urlTemplate":"https:\/\/urbenavocats.ch\/avoqa\/?s={search_term_string}"},"query-input":{"@type":"PropertyValueSpecification","valueRequired":true,"valueName":"search_term_string"}}],"inLanguage":"fr-FR"}]}},"_links":{"self":[{"href":"https:\/\/urbenavocats.ch\/avoqa\/wp-json\/wp\/v2\/pages\/28899","targetHints":{"allow":["GET"]}}],"collection":[{"href":"https:\/\/urbenavocats.ch\/avoqa\/wp-json\/wp\/v2\/pages"}],"about":[{"href":"https:\/\/urbenavocats.ch\/avoqa\/wp-json\/wp\/v2\/types\/page"}],"author":[{"embeddable":true,"href":"https:\/\/urbenavocats.ch\/avoqa\/wp-json\/wp\/v2\/users\/2"}],"replies":[{"embeddable":true,"href":"https:\/\/urbenavocats.ch\/avoqa\/wp-json\/wp\/v2\/comments?post=28899"}],"version-history":[{"count":0,"href":"https:\/\/urbenavocats.ch\/avoqa\/wp-json\/wp\/v2\/pages\/28899\/revisions"}],"wp:attachment":[{"href":"https:\/\/urbenavocats.ch\/avoqa\/wp-json\/wp\/v2\/media?parent=28899"}],"wp:term":[{"taxonomy":"dipi_cpt_category","embeddable":true,"href":"https:\/\/urbenavocats.ch\/avoqa\/wp-json\/wp\/v2\/dipi_cpt_category?post=28899"}],"curies":[{"name":"wp","href":"https:\/\/api.w.org\/{rel}","templated":true}]}}